{"id":2033,"date":"2024-05-06T10:00:57","date_gmt":"2024-05-06T10:00:57","guid":{"rendered":"https:\/\/www.culmentor.com\/?page_id=2033"},"modified":"2025-01-17T14:17:14","modified_gmt":"2025-01-17T14:17:14","slug":"yhteystiedot","status":"publish","type":"page","link":"https:\/\/www.culmentor.com\/en\/yhteystiedot\/","title":{"rendered":"Contact us"},"content":{"rendered":"<div data-elementor-type=\"wp-page\" data-elementor-id=\"2033\" class=\"elementor elementor-2033\" data-elementor-settings=\"{&quot;ha_cmc_init_switcher&quot;:&quot;no&quot;}\" data-elementor-post-type=\"page\">\n\t\t\t\t\t\t<section class=\"elementor-section elementor-top-section elementor-element elementor-element-a5d5a43 elementor-section-height-min-height elementor-section-content-top elementor-section-boxed elementor-section-height-default elementor-section-items-middle\" data-id=\"a5d5a43\" data-element_type=\"section\" data-settings=\"{&quot;background_background&quot;:&quot;classic&quot;,&quot;_ha_eqh_enable&quot;:false}\">\n\t\t\t\t\t\t<div class=\"elementor-container elementor-column-gap-default\">\n\t\t\t\t\t<div class=\"elementor-column elementor-col-100 elementor-top-column elementor-element elementor-element-68fb2e6\" data-id=\"68fb2e6\" data-element_type=\"column\">\n\t\t\t<div class=\"elementor-widget-wrap elementor-element-populated\">\n\t\t\t\t\t\t<div class=\"elementor-element elementor-element-9f658ca elementor-widget elementor-widget-heading\" data-id=\"9f658ca\" data-element_type=\"widget\" data-widget_type=\"heading.default\">\n\t\t\t\t<div class=\"elementor-widget-container\">\n\t\t\t\t\t<h2 class=\"elementor-heading-title elementor-size-default\">Contact us<\/h2>\t\t\t\t<\/div>\n\t\t\t\t<\/div>\n\t\t\t\t\t<\/div>\n\t\t<\/div>\n\t\t\t\t\t<\/div>\n\t\t<\/section>\n\t\t\t\t<section class=\"elementor-section elementor-top-section elementor-element elementor-element-5e4e536b elementor-reverse-tablet elementor-section-boxed elementor-section-height-default elementor-section-height-default\" data-id=\"5e4e536b\" data-element_type=\"section\" data-settings=\"{&quot;background_background&quot;:&quot;classic&quot;,&quot;_ha_eqh_enable&quot;:false}\">\n\t\t\t\t\t\t\t<div class=\"elementor-background-overlay\"><\/div>\n\t\t\t\t\t\t\t<div class=\"elementor-container elementor-column-gap-default\">\n\t\t\t\t\t<div class=\"elementor-column elementor-col-50 elementor-top-column elementor-element elementor-element-7afea1da elementor-invisible\" data-id=\"7afea1da\" data-element_type=\"column\" data-settings=\"{&quot;animation&quot;:&quot;fadeInLeft&quot;}\">\n\t\t\t<div class=\"elementor-widget-wrap elementor-element-populated\">\n\t\t\t\t\t\t<div class=\"elementor-element elementor-element-55562bee elementor-widget elementor-widget-text-editor\" data-id=\"55562bee\" data-element_type=\"widget\" data-widget_type=\"text-editor.default\">\n\t\t\t\t<div class=\"elementor-widget-container\">\n\t\t\t\t\t\t\t\t\t<div><div><h5>Oy Culmentor Ltd.<\/h5><p>Sangintie 27 B, 90650 Oulu<br \/>FINLAND<br \/>Puh.\u00a0+358 (0)10 7340 600<br \/>culmentor(at)culmentor.com<\/p><p>Business ID 1521870-7<\/p><\/div><\/div><div><div><p>We prefer receiving electronic invoices.<br \/>Electronic invoicing address: 003715218707<br \/>operator: 003723327487, Apix Messaging Oy<\/p><p>Address for invoices on paper:<strong><br \/><\/strong><span style=\"font-size: 11.0pt; font-family: 'Aptos',sans-serif; mso-fareast-font-family: 'Times New Roman'; mso-bidi-font-family: Aptos; mso-ansi-language: FI; mso-fareast-language: FI; mso-bidi-language: AR-SA;\">Oy<br \/>Culmentor Ltd (Apix Skannauspalvelu)<br \/>PL 16112<br \/>00021 LASKUTUS<\/span><\/p><p><span style=\"font-size: 11.0pt; font-family: 'Aptos',sans-serif; mso-fareast-font-family: 'Times New Roman'; mso-bidi-font-family: Aptos; mso-ansi-language: FI; mso-fareast-language: FI; mso-bidi-language: AR-SA;\">email scan<br \/>adress:<br \/><a href=\"mailto:003715218707@procountor.apix.fi\">003715218707@procountor.apix.fi<\/a><\/span><\/p><p class=\" translation-block\">The invoice to be sent must be attached to the e-mail as a PDF file, and one e-mail and its attachments may contain only one invoice. If the email contains other attachments, they will be added as invoice attachments. The maximum size of attachment files is 2 mb. After sending, the service will send either an acceptance or rejection notification by email to the sending address within 15 minutes of sending.<\/p><\/div><\/div>\t\t\t\t\t\t\t\t<\/div>\n\t\t\t\t<\/div>\n\t\t\t\t\t<\/div>\n\t\t<\/div>\n\t\t\t\t<div class=\"elementor-column elementor-col-50 elementor-top-column elementor-element elementor-element-f2be993 elementor-invisible\" data-id=\"f2be993\" data-element_type=\"column\" data-settings=\"{&quot;animation&quot;:&quot;fadeInLeft&quot;}\">\n\t\t\t<div class=\"elementor-widget-wrap elementor-element-populated\">\n\t\t\t\t\t\t\t<\/div>\n\t\t<\/div>\n\t\t\t\t\t<\/div>\n\t\t<\/section>\n\t\t\t\t<section class=\"elementor-section elementor-top-section elementor-element elementor-element-80da317 elementor-section-boxed elementor-section-height-default elementor-section-height-default\" data-id=\"80da317\" data-element_type=\"section\" data-settings=\"{&quot;_ha_eqh_enable&quot;:false}\">\n\t\t\t\t\t\t<div class=\"elementor-container elementor-column-gap-default\">\n\t\t\t\t\t<div class=\"elementor-column elementor-col-50 elementor-top-column elementor-element elementor-element-9cdb0e5 elementor-invisible\" data-id=\"9cdb0e5\" data-element_type=\"column\" data-settings=\"{&quot;background_background&quot;:&quot;classic&quot;,&quot;animation&quot;:&quot;fadeInUp&quot;}\">\n\t\t\t<div class=\"elementor-widget-wrap elementor-element-populated\">\n\t\t\t\t\t<div class=\"elementor-background-overlay\"><\/div>\n\t\t\t\t\t\t<div class=\"elementor-element elementor-element-6b1230b elementor-view-default elementor-widget elementor-widget-icon\" data-id=\"6b1230b\" data-element_type=\"widget\" data-widget_type=\"icon.default\">\n\t\t\t\t<div class=\"elementor-widget-container\">\n\t\t\t\t\t\t\t<div class=\"elementor-icon-wrapper\">\n\t\t\t<div class=\"elementor-icon\">\n\t\t\t<i aria-hidden=\"true\" class=\"icon icon-contact-form\"><\/i>\t\t\t<\/div>\n\t\t<\/div>\n\t\t\t\t\t\t<\/div>\n\t\t\t\t<\/div>\n\t\t\t\t<div class=\"elementor-element elementor-element-3c36c99 elementor-widget elementor-widget-heading\" data-id=\"3c36c99\" data-element_type=\"widget\" data-widget_type=\"heading.default\">\n\t\t\t\t<div class=\"elementor-widget-container\">\n\t\t\t\t\t<h2 class=\"elementor-heading-title elementor-size-default\">construction: Jari Tirri&nbsp;<\/h2>\t\t\t\t<\/div>\n\t\t\t\t<\/div>\n\t\t\t\t<div class=\"elementor-element elementor-element-f860c35 elementor-align-center elementor-icon-list--layout-traditional elementor-list-item-link-full_width elementor-widget elementor-widget-icon-list\" data-id=\"f860c35\" data-element_type=\"widget\" data-widget_type=\"icon-list.default\">\n\t\t\t\t<div class=\"elementor-widget-container\">\n\t\t\t\t\t\t\t<ul class=\"elementor-icon-list-items\">\n\t\t\t\t\t\t\t<li class=\"elementor-icon-list-item\">\n\t\t\t\t\t\t\t\t\t\t\t<a href=\"mailto:jari.tirri@culmentor.com\">\n\n\t\t\t\t\t\t\t\t\t\t\t\t<span class=\"elementor-icon-list-icon\">\n\t\t\t\t\t\t\t<i aria-hidden=\"true\" class=\"fas fa-chevron-right\"><\/i>\t\t\t\t\t\t<\/span>\n\t\t\t\t\t\t\t\t\t\t<span class=\"elementor-icon-list-text\">jari.tirri@culmentor.com<\/span>\n\t\t\t\t\t\t\t\t\t\t\t<\/a>\n\t\t\t\t\t\t\t\t\t<\/li>\n\t\t\t\t\t\t\t\t<li class=\"elementor-icon-list-item\">\n\t\t\t\t\t\t\t\t\t\t\t<a href=\"tel: 358 50 478 1955\">\n\n\t\t\t\t\t\t\t\t\t\t\t\t<span class=\"elementor-icon-list-icon\">\n\t\t\t\t\t\t\t<i aria-hidden=\"true\" class=\"fas fa-chevron-right\"><\/i>\t\t\t\t\t\t<\/span>\n\t\t\t\t\t\t\t\t\t\t<span class=\"elementor-icon-list-text\">+358 50 478 1955<\/span>\n\t\t\t\t\t\t\t\t\t\t\t<\/a>\n\t\t\t\t\t\t\t\t\t<\/li>\n\t\t\t\t\t\t<\/ul>\n\t\t\t\t\t\t<\/div>\n\t\t\t\t<\/div>\n\t\t\t\t<div class=\"elementor-element elementor-element-a4179ac elementor-align-center elementor-widget elementor-widget-button\" data-id=\"a4179ac\" data-element_type=\"widget\" data-widget_type=\"button.default\">\n\t\t\t\t<div class=\"elementor-widget-container\">\n\t\t\t\t\t\t\t\t\t<div class=\"elementor-button-wrapper\">\n\t\t\t\t\t<a class=\"elementor-button elementor-button-link elementor-size-md\" href=\"https:\/\/www.culmentor.com\/en\/yhteystiedot\/\">\n\t\t\t\t\t\t<span class=\"elementor-button-content-wrapper\">\n\t\t\t\t\t\t\t\t\t<span class=\"elementor-button-text\">Contact form<\/span>\n\t\t\t\t\t<\/span>\n\t\t\t\t\t<\/a>\n\t\t\t\t<\/div>\n\t\t\t\t\t\t\t\t<\/div>\n\t\t\t\t<\/div>\n\t\t\t\t\t<\/div>\n\t\t<\/div>\n\t\t\t\t<div class=\"elementor-column elementor-col-50 elementor-top-column elementor-element elementor-element-8a55a60 elementor-invisible\" data-id=\"8a55a60\" data-element_type=\"column\" data-settings=\"{&quot;background_background&quot;:&quot;classic&quot;,&quot;animation&quot;:&quot;fadeInUp&quot;}\">\n\t\t\t<div class=\"elementor-widget-wrap elementor-element-populated\">\n\t\t\t\t\t<div class=\"elementor-background-overlay\"><\/div>\n\t\t\t\t\t\t<div class=\"elementor-element elementor-element-7b823ee elementor-view-default elementor-widget elementor-widget-icon\" data-id=\"7b823ee\" data-element_type=\"widget\" data-widget_type=\"icon.default\">\n\t\t\t\t<div class=\"elementor-widget-container\">\n\t\t\t\t\t\t\t<div class=\"elementor-icon-wrapper\">\n\t\t\t<div class=\"elementor-icon\">\n\t\t\t<i aria-hidden=\"true\" class=\"icon icon-contact-form\"><\/i>\t\t\t<\/div>\n\t\t<\/div>\n\t\t\t\t\t\t<\/div>\n\t\t\t\t<\/div>\n\t\t\t\t<div class=\"elementor-element elementor-element-17fecdc elementor-widget elementor-widget-heading\" data-id=\"17fecdc\" data-element_type=\"widget\" data-widget_type=\"heading.default\">\n\t\t\t\t<div class=\"elementor-widget-container\">\n\t\t\t\t\t<h2 class=\"elementor-heading-title elementor-size-default\">funding: Heidi Honkanen<\/h2>\t\t\t\t<\/div>\n\t\t\t\t<\/div>\n\t\t\t\t<div class=\"elementor-element elementor-element-48657c4 elementor-align-center elementor-icon-list--layout-traditional elementor-list-item-link-full_width elementor-widget elementor-widget-icon-list\" data-id=\"48657c4\" data-element_type=\"widget\" data-widget_type=\"icon-list.default\">\n\t\t\t\t<div class=\"elementor-widget-container\">\n\t\t\t\t\t\t\t<ul class=\"elementor-icon-list-items\">\n\t\t\t\t\t\t\t<li class=\"elementor-icon-list-item\">\n\t\t\t\t\t\t\t\t\t\t\t<a href=\"mailto:heidi.honkanen@culmentor.com\">\n\n\t\t\t\t\t\t\t\t\t\t\t\t<span class=\"elementor-icon-list-icon\">\n\t\t\t\t\t\t\t<i aria-hidden=\"true\" class=\"fas fa-chevron-right\"><\/i>\t\t\t\t\t\t<\/span>\n\t\t\t\t\t\t\t\t\t\t<span class=\"elementor-icon-list-text\">heidi.honkanen@culmentor.com<\/span>\n\t\t\t\t\t\t\t\t\t\t\t<\/a>\n\t\t\t\t\t\t\t\t\t<\/li>\n\t\t\t\t\t\t\t\t<li class=\"elementor-icon-list-item\">\n\t\t\t\t\t\t\t\t\t\t\t<a href=\"tel: 358 40 591 5340\">\n\n\t\t\t\t\t\t\t\t\t\t\t\t<span class=\"elementor-icon-list-icon\">\n\t\t\t\t\t\t\t<i aria-hidden=\"true\" class=\"fas fa-chevron-right\"><\/i>\t\t\t\t\t\t<\/span>\n\t\t\t\t\t\t\t\t\t\t<span class=\"elementor-icon-list-text\">+358 40 591 5340<\/span>\n\t\t\t\t\t\t\t\t\t\t\t<\/a>\n\t\t\t\t\t\t\t\t\t<\/li>\n\t\t\t\t\t\t<\/ul>\n\t\t\t\t\t\t<\/div>\n\t\t\t\t<\/div>\n\t\t\t\t<div class=\"elementor-element elementor-element-8017f3b elementor-align-center elementor-widget elementor-widget-button\" data-id=\"8017f3b\" data-element_type=\"widget\" data-widget_type=\"button.default\">\n\t\t\t\t<div class=\"elementor-widget-container\">\n\t\t\t\t\t\t\t\t\t<div class=\"elementor-button-wrapper\">\n\t\t\t\t\t<a class=\"elementor-button elementor-button-link elementor-size-md\" href=\"https:\/\/www.culmentor.com\/en\/yhteystiedot\/\">\n\t\t\t\t\t\t<span class=\"elementor-button-content-wrapper\">\n\t\t\t\t\t\t\t\t\t<span class=\"elementor-button-text\">Contact form<\/span>\n\t\t\t\t\t<\/span>\n\t\t\t\t\t<\/a>\n\t\t\t\t<\/div>\n\t\t\t\t\t\t\t\t<\/div>\n\t\t\t\t<\/div>\n\t\t\t\t\t<\/div>\n\t\t<\/div>\n\t\t\t\t\t<\/div>\n\t\t<\/section>\n\t\t\t\t<section class=\"elementor-section elementor-top-section elementor-element elementor-element-20adf02 elementor-section-full_width elementor-section-height-default elementor-section-height-default elementor-invisible\" data-id=\"20adf02\" data-element_type=\"section\" data-settings=\"{&quot;animation&quot;:&quot;fadeIn&quot;,&quot;_ha_eqh_enable&quot;:false}\">\n\t\t\t\t\t\t<div class=\"elementor-container elementor-column-gap-no\">\n\t\t\t\t\t<div class=\"elementor-column elementor-col-100 elementor-top-column elementor-element elementor-element-53bbc73e\" data-id=\"53bbc73e\" data-element_type=\"column\">\n\t\t\t<div class=\"elementor-widget-wrap elementor-element-populated\">\n\t\t\t\t\t\t<div class=\"elementor-element elementor-element-40630fcf elementor-widget elementor-widget-google_maps\" data-id=\"40630fcf\" data-element_type=\"widget\" data-widget_type=\"google_maps.default\">\n\t\t\t\t<div class=\"elementor-widget-container\">\n\t\t\t\t\t\t\t<div class=\"elementor-custom-embed\">\n\t\t\t<iframe loading=\"lazy\"\n\t\t\t\t\tsrc=\"https:\/\/maps.google.com\/maps?q=Sangintie%2027B%2C%20Oulu&#038;t=m&#038;z=14&#038;output=embed&#038;iwloc=near\"\n\t\t\t\t\ttitle=\"Sangintie 27B, Oulu\"\n\t\t\t\t\taria-label=\"Sangintie 27B, Oulu\"\n\t\t\t><\/iframe>\n\t\t<\/div>\n\t\t\t\t\t\t<\/div>\n\t\t\t\t<\/div>\n\t\t\t\t\t<\/div>\n\t\t<\/div>\n\t\t\t\t\t<\/div>\n\t\t<\/section>\n\t\t\t\t<\/div>","protected":false},"excerpt":{"rendered":"<p>Yhteystiedot Oy Culmentor Ltd. Sangintie 27 B, 90650 OuluFINLANDPuh.\u00a0+358 (0)10 7340 600culmentor(at)culmentor.com Y-tunnus: 1521870-7 Otamme ensisijaisesti vastaan verkkolaskuja:OVT-tunnus 003715218707,operaattori: 003723327487, Apix Messaging Oy Laskutusosoitteemme paperimuodossa l\u00e4hetett\u00e4ville laskuille:OyCulmentor Ltd (Apix Skannauspalvelu)PL 1611200021 LASKUTUS S\u00e4hk\u00f6postiskannauksenosoite:003715218707@procountor.apix.fi L\u00e4hetett\u00e4v\u00e4 lasku tulee olla s\u00e4hk\u00f6postin liitteen\u00e4 PDF-tiedostona ja yhdell\u00e4 s\u00e4hk\u00f6postilla ja sen liitteiss\u00e4 saa olla vain yksi lasku. Jos s\u00e4hk\u00f6posti sis\u00e4lt\u00e4\u00e4 muita [&hellip;]<\/p>","protected":false},"author":2,"featured_media":314,"parent":0,"menu_order":0,"comment_status":"closed","ping_status":"closed","template":"elementor_header_footer","meta":{"footnotes":""},"class_list":["post-2033","page","type-page","status-publish","has-post-thumbnail","hentry"],"yoast_head":"<!-- This site is optimized with the Yoast SEO plugin v24.0 - https:\/\/yoast.com\/wordpress\/plugins\/seo\/ -->\n<title>Culmentor | Yhteystiedot | Ota meihin yhteytt\u00e4<\/title>\n<meta name=\"description\" content=\"Palvelumme ovat aina tarkoin r\u00e4\u00e4t\u00e4l\u00f6ityj\u00e4 ja yksil\u00f6llisi\u00e4. Tavoitteenamme on vastata asiakkaidemme asettamiin laatuvaatimuksiin.\" \/>\n<meta name=\"robots\" content=\"index, follow, max-snippet:-1, max-image-preview:large, max-video-preview:-1\" \/>\n<link rel=\"canonical\" href=\"https:\/\/www.culmentor.com\/en\/yhteystiedot\/\" \/>\n<meta property=\"og:locale\" content=\"en_US\" \/>\n<meta property=\"og:type\" content=\"article\" \/>\n<meta property=\"og:title\" content=\"Culmentor | Yhteystiedot | Ota meihin yhteytt\u00e4\" \/>\n<meta property=\"og:description\" content=\"Palvelumme ovat aina tarkoin r\u00e4\u00e4t\u00e4l\u00f6ityj\u00e4 ja yksil\u00f6llisi\u00e4. Tavoitteenamme on vastata asiakkaidemme asettamiin laatuvaatimuksiin.\" \/>\n<meta property=\"og:url\" content=\"https:\/\/www.culmentor.com\/en\/yhteystiedot\/\" \/>\n<meta property=\"og:site_name\" content=\"Culmentor\" \/>\n<meta property=\"article:modified_time\" content=\"2025-01-17T14:17:14+00:00\" \/>\n<meta property=\"og:image\" content=\"https:\/\/www.culmentor.com\/wp-content\/uploads\/2022\/05\/wonderful-landscape-of-finland-2022-01-29-09-26-44-utc-scaled.jpg\" \/>\n\t<meta property=\"og:image:width\" content=\"2560\" \/>\n\t<meta property=\"og:image:height\" content=\"1634\" \/>\n\t<meta property=\"og:image:type\" content=\"image\/jpeg\" \/>\n<meta name=\"twitter:card\" content=\"summary_large_image\" \/>\n<meta name=\"twitter:label1\" content=\"Est. reading time\" \/>\n\t<meta name=\"twitter:data1\" content=\"1 minute\" \/>\n<script type=\"application\/ld+json\" class=\"yoast-schema-graph\">{\"@context\":\"https:\/\/schema.org\",\"@graph\":[{\"@type\":\"WebPage\",\"@id\":\"https:\/\/www.culmentor.com\/yhteystiedot\/\",\"url\":\"https:\/\/www.culmentor.com\/yhteystiedot\/\",\"name\":\"Culmentor | Yhteystiedot | Ota meihin yhteytt\u00e4\",\"isPartOf\":{\"@id\":\"https:\/\/www.culmentor.com\/en\/#website\"},\"primaryImageOfPage\":{\"@id\":\"https:\/\/www.culmentor.com\/yhteystiedot\/#primaryimage\"},\"image\":{\"@id\":\"https:\/\/www.culmentor.com\/yhteystiedot\/#primaryimage\"},\"thumbnailUrl\":\"https:\/\/www.culmentor.com\/wp-content\/uploads\/2022\/05\/wonderful-landscape-of-finland-2022-01-29-09-26-44-utc-scaled.jpg\",\"datePublished\":\"2024-05-06T10:00:57+00:00\",\"dateModified\":\"2025-01-17T14:17:14+00:00\",\"description\":\"Palvelumme ovat aina tarkoin r\u00e4\u00e4t\u00e4l\u00f6ityj\u00e4 ja yksil\u00f6llisi\u00e4. Tavoitteenamme on vastata asiakkaidemme asettamiin laatuvaatimuksiin.\",\"breadcrumb\":{\"@id\":\"https:\/\/www.culmentor.com\/yhteystiedot\/#breadcrumb\"},\"inLanguage\":\"en-US\",\"potentialAction\":[{\"@type\":\"ReadAction\",\"target\":[\"https:\/\/www.culmentor.com\/yhteystiedot\/\"]}]},{\"@type\":\"ImageObject\",\"inLanguage\":\"en-US\",\"@id\":\"https:\/\/www.culmentor.com\/yhteystiedot\/#primaryimage\",\"url\":\"https:\/\/www.culmentor.com\/wp-content\/uploads\/2022\/05\/wonderful-landscape-of-finland-2022-01-29-09-26-44-utc-scaled.jpg\",\"contentUrl\":\"https:\/\/www.culmentor.com\/wp-content\/uploads\/2022\/05\/wonderful-landscape-of-finland-2022-01-29-09-26-44-utc-scaled.jpg\",\"width\":2560,\"height\":1634,\"caption\":\"Wonderful landscape of Finland. Lake Lietvesi. Aerial view\"},{\"@type\":\"BreadcrumbList\",\"@id\":\"https:\/\/www.culmentor.com\/yhteystiedot\/#breadcrumb\",\"itemListElement\":[{\"@type\":\"ListItem\",\"position\":1,\"name\":\"Etusivu\",\"item\":\"https:\/\/www.culmentor.com\/\"},{\"@type\":\"ListItem\",\"position\":2,\"name\":\"Yhteystiedot\"}]},{\"@type\":\"WebSite\",\"@id\":\"https:\/\/www.culmentor.com\/en\/#website\",\"url\":\"https:\/\/www.culmentor.com\/en\/\",\"name\":\"Culmentor\",\"description\":\"\",\"potentialAction\":[{\"@type\":\"SearchAction\",\"target\":{\"@type\":\"EntryPoint\",\"urlTemplate\":\"https:\/\/www.culmentor.com\/en\/?s={search_term_string}\"},\"query-input\":{\"@type\":\"PropertyValueSpecification\",\"valueRequired\":true,\"valueName\":\"search_term_string\"}}],\"inLanguage\":\"en-US\"}]}<\/script>\n<!-- \/ Yoast SEO plugin. -->","yoast_head_json":{"title":"Culmentor | Yhteystiedot | Ota meihin yhteytt\u00e4","description":"Palvelumme ovat aina tarkoin r\u00e4\u00e4t\u00e4l\u00f6ityj\u00e4 ja yksil\u00f6llisi\u00e4. Tavoitteenamme on vastata asiakkaidemme asettamiin laatuvaatimuksiin.","robots":{"index":"index","follow":"follow","max-snippet":"max-snippet:-1","max-image-preview":"max-image-preview:large","max-video-preview":"max-video-preview:-1"},"canonical":"https:\/\/www.culmentor.com\/en\/yhteystiedot\/","og_locale":"en_US","og_type":"article","og_title":"Culmentor | Yhteystiedot | Ota meihin yhteytt\u00e4","og_description":"Palvelumme ovat aina tarkoin r\u00e4\u00e4t\u00e4l\u00f6ityj\u00e4 ja yksil\u00f6llisi\u00e4. Tavoitteenamme on vastata asiakkaidemme asettamiin laatuvaatimuksiin.","og_url":"https:\/\/www.culmentor.com\/en\/yhteystiedot\/","og_site_name":"Culmentor","article_modified_time":"2025-01-17T14:17:14+00:00","og_image":[{"width":2560,"height":1634,"url":"https:\/\/www.culmentor.com\/wp-content\/uploads\/2022\/05\/wonderful-landscape-of-finland-2022-01-29-09-26-44-utc-scaled.jpg","type":"image\/jpeg"}],"twitter_card":"summary_large_image","twitter_misc":{"Est. reading time":"1 minute"},"schema":{"@context":"https:\/\/schema.org","@graph":[{"@type":"WebPage","@id":"https:\/\/www.culmentor.com\/yhteystiedot\/","url":"https:\/\/www.culmentor.com\/yhteystiedot\/","name":"Culmentor | Yhteystiedot | Ota meihin yhteytt\u00e4","isPartOf":{"@id":"https:\/\/www.culmentor.com\/en\/#website"},"primaryImageOfPage":{"@id":"https:\/\/www.culmentor.com\/yhteystiedot\/#primaryimage"},"image":{"@id":"https:\/\/www.culmentor.com\/yhteystiedot\/#primaryimage"},"thumbnailUrl":"https:\/\/www.culmentor.com\/wp-content\/uploads\/2022\/05\/wonderful-landscape-of-finland-2022-01-29-09-26-44-utc-scaled.jpg","datePublished":"2024-05-06T10:00:57+00:00","dateModified":"2025-01-17T14:17:14+00:00","description":"Palvelumme ovat aina tarkoin r\u00e4\u00e4t\u00e4l\u00f6ityj\u00e4 ja yksil\u00f6llisi\u00e4. Tavoitteenamme on vastata asiakkaidemme asettamiin laatuvaatimuksiin.","breadcrumb":{"@id":"https:\/\/www.culmentor.com\/yhteystiedot\/#breadcrumb"},"inLanguage":"en-US","potentialAction":[{"@type":"ReadAction","target":["https:\/\/www.culmentor.com\/yhteystiedot\/"]}]},{"@type":"ImageObject","inLanguage":"en-US","@id":"https:\/\/www.culmentor.com\/yhteystiedot\/#primaryimage","url":"https:\/\/www.culmentor.com\/wp-content\/uploads\/2022\/05\/wonderful-landscape-of-finland-2022-01-29-09-26-44-utc-scaled.jpg","contentUrl":"https:\/\/www.culmentor.com\/wp-content\/uploads\/2022\/05\/wonderful-landscape-of-finland-2022-01-29-09-26-44-utc-scaled.jpg","width":2560,"height":1634,"caption":"Wonderful landscape of Finland. Lake Lietvesi. Aerial view"},{"@type":"BreadcrumbList","@id":"https:\/\/www.culmentor.com\/yhteystiedot\/#breadcrumb","itemListElement":[{"@type":"ListItem","position":1,"name":"Etusivu","item":"https:\/\/www.culmentor.com\/"},{"@type":"ListItem","position":2,"name":"Yhteystiedot"}]},{"@type":"WebSite","@id":"https:\/\/www.culmentor.com\/en\/#website","url":"https:\/\/www.culmentor.com\/en\/","name":"Culmentor","description":"","potentialAction":[{"@type":"SearchAction","target":{"@type":"EntryPoint","urlTemplate":"https:\/\/www.culmentor.com\/en\/?s={search_term_string}"},"query-input":{"@type":"PropertyValueSpecification","valueRequired":true,"valueName":"search_term_string"}}],"inLanguage":"en-US"}]}},"_links":{"self":[{"href":"https:\/\/www.culmentor.com\/en\/wp-json\/wp\/v2\/pages\/2033","targetHints":{"allow":["GET"]}}],"collection":[{"href":"https:\/\/www.culmentor.com\/en\/wp-json\/wp\/v2\/pages"}],"about":[{"href":"https:\/\/www.culmentor.com\/en\/wp-json\/wp\/v2\/types\/page"}],"author":[{"embeddable":true,"href":"https:\/\/www.culmentor.com\/en\/wp-json\/wp\/v2\/users\/2"}],"replies":[{"embeddable":true,"href":"https:\/\/www.culmentor.com\/en\/wp-json\/wp\/v2\/comments?post=2033"}],"version-history":[{"count":36,"href":"https:\/\/www.culmentor.com\/en\/wp-json\/wp\/v2\/pages\/2033\/revisions"}],"predecessor-version":[{"id":2365,"href":"https:\/\/www.culmentor.com\/en\/wp-json\/wp\/v2\/pages\/2033\/revisions\/2365"}],"wp:featuredmedia":[{"embeddable":true,"href":"https:\/\/www.culmentor.com\/en\/wp-json\/wp\/v2\/media\/314"}],"wp:attachment":[{"href":"https:\/\/www.culmentor.com\/en\/wp-json\/wp\/v2\/media?parent=2033"}],"curies":[{"name":"wp","href":"https:\/\/api.w.org\/{rel}","templated":true}]}}